{"id":5162,"date":"2022-08-31T15:55:40","date_gmt":"2022-08-31T15:55:40","guid":{"rendered":"https:\/\/robotica-facil-con-ros2.es\/?page_id=5162"},"modified":"2025-07-20T15:19:26","modified_gmt":"2025-07-20T15:19:26","slug":"sobre-el-autor","status":"publish","type":"page","link":"https:\/\/robotica-facil-con-ros2.es\/?page_id=5162","title":{"rendered":"SOBRE EL AUTOR"},"content":{"rendered":"\t\t<div data-elementor-type=\"wp-page\" data-elementor-id=\"5162\" class=\"elementor elementor-5162\">\n\t\t\t\t\t\t<section class=\"elementor-section elementor-top-section elementor-element elementor-element-6f68ea4 elementor-hidden-mobile elementor-section-boxed elementor-section-height-default elementor-section-height-default\" data-id=\"6f68ea4\" data-element_type=\"section\" data-settings=\"{&quot;background_background&quot;:&quot;classic&quot;}\">\n\t\t\t\t\t\t\t<div class=\"elementor-background-overlay\"><\/div>\n\t\t\t\t\t\t\t<div class=\"elementor-container elementor-column-gap-default\">\n\t\t\t\t\t<div class=\"elementor-column elementor-col-50 elementor-top-column elementor-element elementor-element-8dc3f93\" data-id=\"8dc3f93\" data-element_type=\"column\">\n\t\t\t<div class=\"elementor-widget-wrap elementor-element-populated\">\n\t\t\t\t\t\t<div class=\"elementor-element elementor-element-1342ebb elementor-widget elementor-widget-text-editor\" data-id=\"1342ebb\" data-element_type=\"widget\" data-widget_type=\"text-editor.default\">\n\t\t\t\t<div class=\"elementor-widget-container\">\n\t\t\t\t\t\t\t<p>Bienvenidos a mi blog!<\/p>\t\t\t\t\t\t<\/div>\n\t\t\t\t<\/div>\n\t\t\t\t<div class=\"elementor-element elementor-element-6e951a2 elementor-widget elementor-widget-text-editor\" data-id=\"6e951a2\" data-element_type=\"widget\" data-widget_type=\"text-editor.default\">\n\t\t\t\t<div class=\"elementor-widget-container\">\n\t\t\t\t\t\t\t<p>Jos\u00e9 Enrique Cabrera<\/p>\t\t\t\t\t\t<\/div>\n\t\t\t\t<\/div>\n\t\t\t\t<div class=\"elementor-element elementor-element-4381380 elementor-widget elementor-widget-text-editor\" data-id=\"4381380\" data-element_type=\"widget\" data-widget_type=\"text-editor.default\">\n\t\t\t\t<div class=\"elementor-widget-container\">\n\t\t\t\t\t\t\t<p><span style=\"color: #1190cb;\"><strong>Ingeniero industrial especializado en autom\u00e1tica<\/strong><\/span><\/p>\t\t\t\t\t\t<\/div>\n\t\t\t\t<\/div>\n\t\t\t\t<div class=\"elementor-element elementor-element-ab70e54 elementor-widget elementor-widget-text-editor\" data-id=\"ab70e54\" data-element_type=\"widget\" data-widget_type=\"text-editor.default\">\n\t\t\t\t<div class=\"elementor-widget-container\">\n\t\t\t\t\t\t\t<p>Actualmente soy Ingeniero de Sistemas de Instrumentaci\u00f3n y Control en la central nuclear de Almaraz, donde adem\u00e1s pertenezco al grupo operativo de ciberseguridad y realizo la labor de coordinador de proyectos de transformaci\u00f3n digital.<\/p>\t\t\t\t\t\t<\/div>\n\t\t\t\t<\/div>\n\t\t\t\t<div class=\"elementor-element elementor-element-f17d9f9 elementor-widget elementor-widget-text-editor\" data-id=\"f17d9f9\" data-element_type=\"widget\" data-widget_type=\"text-editor.default\">\n\t\t\t\t<div class=\"elementor-widget-container\">\n\t\t\t\t\t\t\t<p><span style=\"color: #1190cb;\"><strong>20 a\u00f1os de experiencia<\/strong><\/span><\/p>\t\t\t\t\t\t<\/div>\n\t\t\t\t<\/div>\n\t\t\t\t<div class=\"elementor-element elementor-element-f00aad7 elementor-widget elementor-widget-text-editor\" data-id=\"f00aad7\" data-element_type=\"widget\" data-widget_type=\"text-editor.default\">\n\t\t\t\t<div class=\"elementor-widget-container\">\n\t\t\t\t\t\t\t<p>Dentro del \u00e1rea de la instrumentaci\u00f3n y el control industrial. Con experiencia en programaci\u00f3n de PLCs, modificaciones de dise\u00f1o, elaboraci\u00f3n y ejecuci\u00f3n de pruebas de puesta en marcha, fiabilidad de equipos, ciberseguridad y direcci\u00f3n proyectos.<\/p><p>En CN Almaraz he sido Jefe de grandes Proyectos, teniendo que gestionar presupuestos anuales de varios M\u20ac y coordinar los trabajos de dise\u00f1o, compras, contrataci\u00f3n de servicios y montaje, dentro de una organizaci\u00f3n transversal.\u00a0<\/p>\t\t\t\t\t\t<\/div>\n\t\t\t\t<\/div>\n\t\t\t\t<div class=\"elementor-element elementor-element-e201f06 elementor-widget elementor-widget-text-editor\" data-id=\"e201f06\" data-element_type=\"widget\" data-widget_type=\"text-editor.default\">\n\t\t\t\t<div class=\"elementor-widget-container\">\n\t\t\t\t\t\t\t<p><span style=\"color: #1190cb;\"><strong>Para una mente inquieta siempre es un buen momento para aprender y buscar nuevos retos<\/strong><\/span><\/p>\t\t\t\t\t\t<\/div>\n\t\t\t\t<\/div>\n\t\t\t\t<div class=\"elementor-element elementor-element-50a361a elementor-widget elementor-widget-text-editor\" data-id=\"50a361a\" data-element_type=\"widget\" data-widget_type=\"text-editor.default\">\n\t\t\t\t<div class=\"elementor-widget-container\">\n\t\t\t\t\t\t\t<p>Esto es lo que me ha motivado para empezar a explorar el fascinante mundo de la rob\u00f3tica y el machine learning, anim\u00e1ndome a crear este blog.<\/p>\t\t\t\t\t\t<\/div>\n\t\t\t\t<\/div>\n\t\t\t\t\t<\/div>\n\t\t<\/div>\n\t\t\t\t<div class=\"elementor-column elementor-col-50 elementor-top-column elementor-element elementor-element-ce98a05\" data-id=\"ce98a05\" data-element_type=\"column\">\n\t\t\t<div class=\"elementor-widget-wrap elementor-element-populated\">\n\t\t\t\t\t\t<div class=\"elementor-element elementor-element-4a061bc elementor-widget elementor-widget-text-editor\" data-id=\"4a061bc\" data-element_type=\"widget\" data-widget_type=\"text-editor.default\">\n\t\t\t\t<div class=\"elementor-widget-container\">\n\t\t\t\t\t\t\t<p><span style=\"color: #1190cb;\"><strong>Autoexigencia, versatilidad y resiliencia<\/strong><\/span><\/p>\t\t\t\t\t\t<\/div>\n\t\t\t\t<\/div>\n\t\t\t\t<div class=\"elementor-element elementor-element-967da3e elementor-widget elementor-widget-text-editor\" data-id=\"967da3e\" data-element_type=\"widget\" data-widget_type=\"text-editor.default\">\n\t\t\t\t<div class=\"elementor-widget-container\">\n\t\t\t\t\t\t\t<p>Probablemente estas palabras sean las que mejor definen mi forma de ser. Ya que como profesional nuclear, realizo siempre mi trabajo procurando seguir los est\u00e1ndares de calidad m\u00e1s elevados, caracteriz\u00e1ndome por mi flexibilidad para adaptarme a las necesidades de cada momento y mi capacidad para enfrentar con \u00e9xito situaciones dif\u00edciles.<\/p>\t\t\t\t\t\t<\/div>\n\t\t\t\t<\/div>\n\t\t\t\t<div class=\"elementor-element elementor-element-7e39f33 elementor-widget elementor-widget-text-editor\" data-id=\"7e39f33\" data-element_type=\"widget\" data-widget_type=\"text-editor.default\">\n\t\t\t\t<div class=\"elementor-widget-container\">\n\t\t\t\t\t\t\t<p><span style=\"color: #1190cb;\"><strong>Deportista y aficionado al senderismo, el cine y la m\u00fasica<\/strong><\/span><\/p>\t\t\t\t\t\t<\/div>\n\t\t\t\t<\/div>\n\t\t\t\t<div class=\"elementor-element elementor-element-afa080f elementor-widget elementor-widget-text-editor\" data-id=\"afa080f\" data-element_type=\"widget\" data-widget_type=\"text-editor.default\">\n\t\t\t\t<div class=\"elementor-widget-container\">\n\t\t\t\t\t\t\t<p>Soy cintur\u00f3n negro de Taekwondo y tambi\u00e9n practico defensa personal. Me encanta hacer rutas por el campo y en mi tiempo libre disfruto viendo una buena pel\u00edcula o escuchando m\u00fasica.<\/p>\t\t\t\t\t\t<\/div>\n\t\t\t\t<\/div>\n\t\t\t\t\t<\/div>\n\t\t<\/div>\n\t\t\t\t\t<\/div>\n\t\t<\/section>\n\t\t\t\t<section class=\"elementor-section elementor-top-section elementor-element elementor-element-b22b075 elementor-section-height-full elementor-section-items-top elementor-hidden-desktop elementor-hidden-tablet elementor-section-boxed elementor-section-height-default\" data-id=\"b22b075\" data-element_type=\"section\" data-settings=\"{&quot;background_background&quot;:&quot;classic&quot;}\">\n\t\t\t\t\t\t\t<div class=\"elementor-background-overlay\"><\/div>\n\t\t\t\t\t\t\t<div class=\"elementor-container elementor-column-gap-default\">\n\t\t\t\t\t<div class=\"elementor-column elementor-col-100 elementor-top-column elementor-element elementor-element-d390c27\" data-id=\"d390c27\" data-element_type=\"column\">\n\t\t\t<div class=\"elementor-widget-wrap elementor-element-populated\">\n\t\t\t\t\t\t<div class=\"elementor-element elementor-element-975d15e elementor-widget elementor-widget-text-editor\" data-id=\"975d15e\" data-element_type=\"widget\" data-widget_type=\"text-editor.default\">\n\t\t\t\t<div class=\"elementor-widget-container\">\n\t\t\t\t\t\t\t<p>Bienvenidos a mi blog!<\/p>\t\t\t\t\t\t<\/div>\n\t\t\t\t<\/div>\n\t\t\t\t<div class=\"elementor-element elementor-element-e38b0f4 elementor-widget elementor-widget-text-editor\" data-id=\"e38b0f4\" data-element_type=\"widget\" data-widget_type=\"text-editor.default\">\n\t\t\t\t<div class=\"elementor-widget-container\">\n\t\t\t\t\t\t\t<p>Jos\u00e9 Enrique<\/p>\t\t\t\t\t\t<\/div>\n\t\t\t\t<\/div>\n\t\t\t\t<div class=\"elementor-element elementor-element-e82c5e0 elementor-widget elementor-widget-text-editor\" data-id=\"e82c5e0\" data-element_type=\"widget\" data-widget_type=\"text-editor.default\">\n\t\t\t\t<div class=\"elementor-widget-container\">\n\t\t\t\t\t\t\t<p>Cabrera<\/p>\t\t\t\t\t\t<\/div>\n\t\t\t\t<\/div>\n\t\t\t\t<div class=\"elementor-element elementor-element-b177a78 elementor-widget elementor-widget-text-editor\" data-id=\"b177a78\" data-element_type=\"widget\" data-widget_type=\"text-editor.default\">\n\t\t\t\t<div class=\"elementor-widget-container\">\n\t\t\t\t\t\t\t<p><span style=\"color: #1190cb;\"><strong>Ingeniero industrial especializado en autom\u00e1tica<\/strong><\/span><\/p>\t\t\t\t\t\t<\/div>\n\t\t\t\t<\/div>\n\t\t\t\t<div class=\"elementor-element elementor-element-ec07ed7 elementor-widget elementor-widget-text-editor\" data-id=\"ec07ed7\" data-element_type=\"widget\" data-widget_type=\"text-editor.default\">\n\t\t\t\t<div class=\"elementor-widget-container\">\n\t\t\t\t\t\t\t<p>Actualmente soy Ingeniero de Sistemas de Instrumentaci\u00f3n y Control en la central nuclear de Almaraz, donde adem\u00e1s pertenezco al grupo operativo de ciberseguridad y realizo la labor de coordinador de proyectos de transformaci\u00f3n digital.<\/p>\t\t\t\t\t\t<\/div>\n\t\t\t\t<\/div>\n\t\t\t\t\t<\/div>\n\t\t<\/div>\n\t\t\t\t\t<\/div>\n\t\t<\/section>\n\t\t\t\t<section class=\"elementor-section elementor-top-section elementor-element elementor-element-dc0c745 elementor-hidden-desktop elementor-hidden-tablet elementor-section-boxed elementor-section-height-default elementor-section-height-default\" data-id=\"dc0c745\" data-element_type=\"section\" data-settings=\"{&quot;background_background&quot;:&quot;classic&quot;}\">\n\t\t\t\t\t\t<div class=\"elementor-container elementor-column-gap-default\">\n\t\t\t\t\t<div class=\"elementor-column elementor-col-100 elementor-top-column elementor-element elementor-element-d83fc52\" data-id=\"d83fc52\" data-element_type=\"column\">\n\t\t\t<div class=\"elementor-widget-wrap elementor-element-populated\">\n\t\t\t\t\t\t<div class=\"elementor-element elementor-element-c844af2 elementor-widget elementor-widget-text-editor\" data-id=\"c844af2\" data-element_type=\"widget\" data-widget_type=\"text-editor.default\">\n\t\t\t\t<div class=\"elementor-widget-container\">\n\t\t\t\t\t\t\t<p><span style=\"color: #1190cb;\"><strong>20 a\u00f1os de experiencia<\/strong><\/span><\/p>\t\t\t\t\t\t<\/div>\n\t\t\t\t<\/div>\n\t\t\t\t<div class=\"elementor-element elementor-element-aadb731 elementor-widget elementor-widget-text-editor\" data-id=\"aadb731\" data-element_type=\"widget\" data-widget_type=\"text-editor.default\">\n\t\t\t\t<div class=\"elementor-widget-container\">\n\t\t\t\t\t\t\t<p>Dentro del \u00e1rea de la instrumentaci\u00f3n y el control industrial. Con experiencia en programaci\u00f3n de PLCs, modificaciones de dise\u00f1o, elaboraci\u00f3n y ejecuci\u00f3n de pruebas de puesta en marcha, fiabilidad de equipos, ciberseguridad y direcci\u00f3n proyectos.<\/p><p>En CN Almaraz he sido Jefe de grandes Proyectos, teniendo que gestionar presupuestos anuales de varios M\u20ac y coordinar los trabajos de dise\u00f1o, compras, contrataci\u00f3n de servicios y montaje, dentro de una organizaci\u00f3n transversal.\u00a0<\/p>\t\t\t\t\t\t<\/div>\n\t\t\t\t<\/div>\n\t\t\t\t<div class=\"elementor-element elementor-element-ba087fb elementor-widget elementor-widget-text-editor\" data-id=\"ba087fb\" data-element_type=\"widget\" data-widget_type=\"text-editor.default\">\n\t\t\t\t<div class=\"elementor-widget-container\">\n\t\t\t\t\t\t\t<p><span style=\"color: #1190cb;\"><strong>Para una mente inquieta siempre es buen momento para aprender y buscar nuevos retos<\/strong><\/span><\/p>\t\t\t\t\t\t<\/div>\n\t\t\t\t<\/div>\n\t\t\t\t<div class=\"elementor-element elementor-element-20bf006 elementor-widget elementor-widget-text-editor\" data-id=\"20bf006\" data-element_type=\"widget\" data-widget_type=\"text-editor.default\">\n\t\t\t\t<div class=\"elementor-widget-container\">\n\t\t\t\t\t\t\t<p>Esto es lo que me ha motivado para empezar a explorar el fascinante mundo de la rob\u00f3tica y el machine learning, anim\u00e1ndome a crear este blog.<\/p>\t\t\t\t\t\t<\/div>\n\t\t\t\t<\/div>\n\t\t\t\t<div class=\"elementor-element elementor-element-f77df0e elementor-widget elementor-widget-text-editor\" data-id=\"f77df0e\" data-element_type=\"widget\" data-widget_type=\"text-editor.default\">\n\t\t\t\t<div class=\"elementor-widget-container\">\n\t\t\t\t\t\t\t<p><span style=\"color: #1190cb;\"><strong>Autoexigencia, versatilidad y resiliencia<\/strong><\/span><\/p>\t\t\t\t\t\t<\/div>\n\t\t\t\t<\/div>\n\t\t\t\t<div class=\"elementor-element elementor-element-a1473fe elementor-widget elementor-widget-text-editor\" data-id=\"a1473fe\" data-element_type=\"widget\" data-widget_type=\"text-editor.default\">\n\t\t\t\t<div class=\"elementor-widget-container\">\n\t\t\t\t\t\t\t<p>Probablemente estas palabras sean las que mejor definen mi forma de ser. Ya que como profesional nuclear, realizo siempre mi trabajo procurando seguir los est\u00e1ndares de calidad m\u00e1s elevados, caracteriz\u00e1ndome por mi flexibilidad para adaptarme a las necesidades de la empresa y mi capacidad para hacer frente y superar situaciones dif\u00edciles.<\/p>\t\t\t\t\t\t<\/div>\n\t\t\t\t<\/div>\n\t\t\t\t<div class=\"elementor-element elementor-element-2416b1b elementor-widget elementor-widget-text-editor\" data-id=\"2416b1b\" data-element_type=\"widget\" data-widget_type=\"text-editor.default\">\n\t\t\t\t<div class=\"elementor-widget-container\">\n\t\t\t\t\t\t\t<p><span style=\"color: #1190cb;\"><strong>Deportista y aficionado al senderismo, el cine y la m\u00fasica<\/strong><\/span><\/p>\t\t\t\t\t\t<\/div>\n\t\t\t\t<\/div>\n\t\t\t\t<div class=\"elementor-element elementor-element-a9a8595 elementor-widget elementor-widget-text-editor\" data-id=\"a9a8595\" data-element_type=\"widget\" data-widget_type=\"text-editor.default\">\n\t\t\t\t<div class=\"elementor-widget-container\">\n\t\t\t\t\t\t\t<p>Soy cintur\u00f3n negro de Taekwondo y tambi\u00e9n practico defensa personal. Me encanta hacer rutas por el campo y en mi tiempo libre disfruto viendo una buena pel\u00edcula o escuchando m\u00fasica.<\/p>\t\t\t\t\t\t<\/div>\n\t\t\t\t<\/div>\n\t\t\t\t\t<\/div>\n\t\t<\/div>\n\t\t\t\t\t<\/div>\n\t\t<\/section>\n\t\t\t\t<\/div>\n\t\t","protected":false},"excerpt":{"rendered":"<p>Bienvenidos a mi blog! Jos\u00e9 Enrique Cabrera Ingeniero industrial especializado en autom\u00e1tica Actualmente soy Ingeniero de Sistemas de Instrumentaci\u00f3n y Control en la central nuclear de Almaraz, donde adem\u00e1s pertenezco al grupo operativo de ciberseguridad y realizo la labor de coordinador de proyectos de transformaci\u00f3n digital. 20 a\u00f1os de experiencia Dentro del \u00e1rea de la [&hellip;]<\/p>\n","protected":false},"author":1,"featured_media":0,"parent":0,"menu_order":0,"comment_status":"closed","ping_status":"closed","template":"","meta":{"site-sidebar-layout":"no-sidebar","site-content-layout":"page-builder","ast-site-content-layout":"","site-content-style":"default","site-sidebar-style":"default","ast-global-header-display":"","ast-banner-title-visibility":"","ast-main-header-display":"","ast-hfb-above-header-display":"","ast-hfb-below-header-display":"","ast-hfb-mobile-header-display":"","site-post-title":"disabled","ast-breadcrumbs-content":"","ast-featured-img":"disabled","footer-sml-layout":"","theme-transparent-header-meta":"","adv-header-id-meta":"","stick-header-meta":"","header-above-stick-meta":"","header-main-stick-meta":"","header-below-stick-meta":"","astra-migrate-meta-layouts":"default","ast-page-background-enabled":"default","ast-page-background-meta":{"desktop":{"background-color":"var(--ast-global-color-4)","background-image":"","background-repeat":"repeat","background-position":"center center","background-size":"auto","background-attachment":"scroll","background-type":"","background-media":"","overlay-type":"","overlay-color":"","overlay-opacity":"","overlay-gradient":""},"tablet":{"background-color":"","background-image":"","background-repeat":"repeat","background-position":"center center","background-size":"auto","background-attachment":"scroll","background-type":"","background-media":"","overlay-type":"","overlay-color":"","overlay-opacity":"","overlay-gradient":""},"mobile":{"background-color":"","background-image":"","background-repeat":"repeat","background-position":"center center","background-size":"auto","background-attachment":"scroll","background-type":"","background-media":"","overlay-type":"","overlay-color":"","overlay-opacity":"","overlay-gradient":""}},"ast-content-background-meta":{"desktop":{"background-color":"var(--ast-global-color-5)","background-image":"","background-repeat":"repeat","background-position":"center center","background-size":"auto","background-attachment":"scroll","background-type":"","background-media":"","overlay-type":"","overlay-color":"","overlay-opacity":"","overlay-gradient":""},"tablet":{"background-color":"var(--ast-global-color-5)","background-image":"","background-repeat":"repeat","background-position":"center center","background-size":"auto","background-attachment":"scroll","background-type":"","background-media":"","overlay-type":"","overlay-color":"","overlay-opacity":"","overlay-gradient":""},"mobile":{"background-color":"var(--ast-global-color-5)","background-image":"","background-repeat":"repeat","background-position":"center center","background-size":"auto","background-attachment":"scroll","background-type":"","background-media":"","overlay-type":"","overlay-color":"","overlay-opacity":"","overlay-gradient":""}},"footnotes":""},"class_list":["post-5162","page","type-page","status-publish","hentry"],"aioseo_notices":[],"rttpg_featured_image_url":null,"rttpg_author":{"display_name":"Jose Enrique Cabrera","author_link":"https:\/\/robotica-facil-con-ros2.es\/?author=1"},"rttpg_comment":0,"rttpg_category":null,"rttpg_excerpt":"Bienvenidos a mi blog! Jos\u00e9 Enrique Cabrera Ingeniero industrial especializado en autom\u00e1tica Actualmente soy Ingeniero de Sistemas de Instrumentaci\u00f3n y Control en la central nuclear de Almaraz, donde adem\u00e1s pertenezco al grupo operativo de ciberseguridad y realizo la labor de coordinador de proyectos de transformaci\u00f3n digital. 20 a\u00f1os de experiencia Dentro del \u00e1rea de la&hellip;","_links":{"self":[{"href":"https:\/\/robotica-facil-con-ros2.es\/index.php?rest_route=\/wp\/v2\/pages\/5162","targetHints":{"allow":["GET"]}}],"collection":[{"href":"https:\/\/robotica-facil-con-ros2.es\/index.php?rest_route=\/wp\/v2\/pages"}],"about":[{"href":"https:\/\/robotica-facil-con-ros2.es\/index.php?rest_route=\/wp\/v2\/types\/page"}],"author":[{"embeddable":true,"href":"https:\/\/robotica-facil-con-ros2.es\/index.php?rest_route=\/wp\/v2\/users\/1"}],"replies":[{"embeddable":true,"href":"https:\/\/robotica-facil-con-ros2.es\/index.php?rest_route=%2Fwp%2Fv2%2Fcomments&post=5162"}],"version-history":[{"count":325,"href":"https:\/\/robotica-facil-con-ros2.es\/index.php?rest_route=\/wp\/v2\/pages\/5162\/revisions"}],"predecessor-version":[{"id":8124,"href":"https:\/\/robotica-facil-con-ros2.es\/index.php?rest_route=\/wp\/v2\/pages\/5162\/revisions\/8124"}],"wp:attachment":[{"href":"https:\/\/robotica-facil-con-ros2.es\/index.php?rest_route=%2Fwp%2Fv2%2Fmedia&parent=5162"}],"curies":[{"name":"wp","href":"https:\/\/api.w.org\/{rel}","templated":true}]}}