{"id":5160,"date":"2022-08-31T15:55:40","date_gmt":"2022-08-31T15:55:40","guid":{"rendered":"https:\/\/robotica-facil-con-ros2.es\/?page_id=5160"},"modified":"2022-09-11T14:52:05","modified_gmt":"2022-09-11T14:52:05","slug":"descargas","status":"publish","type":"page","link":"https:\/\/robotica-facil-con-ros2.es\/?page_id=5160","title":{"rendered":"DESCARGAS"},"content":{"rendered":"\t\t<div data-elementor-type=\"wp-page\" data-elementor-id=\"5160\" class=\"elementor elementor-5160\">\n\t\t\t\t\t\t<section class=\"elementor-section elementor-top-section elementor-element elementor-element-b7ece68 elementor-section-boxed elementor-section-height-default elementor-section-height-default\" data-id=\"b7ece68\" data-element_type=\"section\" data-settings=\"{&quot;background_background&quot;:&quot;classic&quot;}\">\n\t\t\t\t\t\t<div class=\"elementor-container elementor-column-gap-default\">\n\t\t\t\t\t<div class=\"elementor-column elementor-col-100 elementor-top-column elementor-element elementor-element-15f36cd\" data-id=\"15f36cd\" data-element_type=\"column\">\n\t\t\t<div class=\"elementor-widget-wrap elementor-element-populated\">\n\t\t\t\t\t\t<div class=\"elementor-element elementor-element-8d330b2 elementor-widget elementor-widget-text-editor\" data-id=\"8d330b2\" data-element_type=\"widget\" data-widget_type=\"text-editor.default\">\n\t\t\t\t<div class=\"elementor-widget-container\">\n\t\t\t\t\t\t\t<h2>Pr\u00f3ximamente&#8230;<\/h2><p>A esta secci\u00f3n ir\u00e9 subiendo las mejores <i>cheatsheets <\/i>y otros recursos relacionados con la rob\u00f3tica.<\/p>\t\t\t\t\t\t<\/div>\n\t\t\t\t<\/div>\n\t\t\t\t\t<\/div>\n\t\t<\/div>\n\t\t\t\t\t<\/div>\n\t\t<\/section>\n\t\t\t\t<\/div>\n\t\t","protected":false},"excerpt":{"rendered":"<p>Pr\u00f3ximamente&#8230; A esta secci\u00f3n ir\u00e9 subiendo las mejores cheatsheets y otros recursos relacionados con la rob\u00f3tica.<\/p>\n","protected":false},"author":1,"featured_media":0,"parent":0,"menu_order":0,"comment_status":"closed","ping_status":"closed","template":"","meta":{"site-sidebar-layout":"no-sidebar","site-content-layout":"page-builder","ast-site-content-layout":"","site-content-style":"default","site-sidebar-style":"default","ast-global-header-display":"","ast-banner-title-visibility":"","ast-main-header-display":"","ast-hfb-above-header-display":"","ast-hfb-below-header-display":"","ast-hfb-mobile-header-display":"","site-post-title":"disabled","ast-breadcrumbs-content":"","ast-featured-img":"disabled","footer-sml-layout":"","theme-transparent-header-meta":"","adv-header-id-meta":"","stick-header-meta":"","header-above-stick-meta":"","header-main-stick-meta":"","header-below-stick-meta":"","astra-migrate-meta-layouts":"default","ast-page-background-enabled":"default","ast-page-background-meta":{"desktop":{"background-color":"var(--ast-global-color-4)","background-image":"","background-repeat":"repeat","background-position":"center center","background-size":"auto","background-attachment":"scroll","background-type":"","background-media":"","overlay-type":"","overlay-color":"","overlay-opacity":"","overlay-gradient":""},"tablet":{"background-color":"","background-image":"","background-repeat":"repeat","background-position":"center center","background-size":"auto","background-attachment":"scroll","background-type":"","background-media":"","overlay-type":"","overlay-color":"","overlay-opacity":"","overlay-gradient":""},"mobile":{"background-color":"","background-image":"","background-repeat":"repeat","background-position":"center center","background-size":"auto","background-attachment":"scroll","background-type":"","background-media":"","overlay-type":"","overlay-color":"","overlay-opacity":"","overlay-gradient":""}},"ast-content-background-meta":{"desktop":{"background-color":"var(--ast-global-color-5)","background-image":"","background-repeat":"repeat","background-position":"center center","background-size":"auto","background-attachment":"scroll","background-type":"","background-media":"","overlay-type":"","overlay-color":"","overlay-opacity":"","overlay-gradient":""},"tablet":{"background-color":"var(--ast-global-color-5)","background-image":"","background-repeat":"repeat","background-position":"center center","background-size":"auto","background-attachment":"scroll","background-type":"","background-media":"","overlay-type":"","overlay-color":"","overlay-opacity":"","overlay-gradient":""},"mobile":{"background-color":"var(--ast-global-color-5)","background-image":"","background-repeat":"repeat","background-position":"center center","background-size":"auto","background-attachment":"scroll","background-type":"","background-media":"","overlay-type":"","overlay-color":"","overlay-opacity":"","overlay-gradient":""}},"footnotes":""},"class_list":["post-5160","page","type-page","status-publish","hentry"],"aioseo_notices":[],"rttpg_featured_image_url":null,"rttpg_author":{"display_name":"Jose Enrique Cabrera","author_link":"https:\/\/robotica-facil-con-ros2.es\/?author=1"},"rttpg_comment":0,"rttpg_category":null,"rttpg_excerpt":"Pr\u00f3ximamente&#8230; A esta secci\u00f3n ir\u00e9 subiendo las mejores cheatsheets y otros recursos relacionados con la rob\u00f3tica.","_links":{"self":[{"href":"https:\/\/robotica-facil-con-ros2.es\/index.php?rest_route=\/wp\/v2\/pages\/5160","targetHints":{"allow":["GET"]}}],"collection":[{"href":"https:\/\/robotica-facil-con-ros2.es\/index.php?rest_route=\/wp\/v2\/pages"}],"about":[{"href":"https:\/\/robotica-facil-con-ros2.es\/index.php?rest_route=\/wp\/v2\/types\/page"}],"author":[{"embeddable":true,"href":"https:\/\/robotica-facil-con-ros2.es\/index.php?rest_route=\/wp\/v2\/users\/1"}],"replies":[{"embeddable":true,"href":"https:\/\/robotica-facil-con-ros2.es\/index.php?rest_route=%2Fwp%2Fv2%2Fcomments&post=5160"}],"version-history":[{"count":25,"href":"https:\/\/robotica-facil-con-ros2.es\/index.php?rest_route=\/wp\/v2\/pages\/5160\/revisions"}],"predecessor-version":[{"id":5699,"href":"https:\/\/robotica-facil-con-ros2.es\/index.php?rest_route=\/wp\/v2\/pages\/5160\/revisions\/5699"}],"wp:attachment":[{"href":"https:\/\/robotica-facil-con-ros2.es\/index.php?rest_route=%2Fwp%2Fv2%2Fmedia&parent=5160"}],"curies":[{"name":"wp","href":"https:\/\/api.w.org\/{rel}","templated":true}]}}